{"id":224,"date":"2020-03-30T14:24:32","date_gmt":"2020-03-30T14:24:32","guid":{"rendered":"http:\/\/fragaria.elphimedia.be\/?page_id=224"},"modified":"2021-02-23T15:08:43","modified_gmt":"2021-02-23T15:08:43","slug":"toerisme-en-omgeving","status":"publish","type":"page","link":"https:\/\/www.fragaria.be\/fr\/tourisme-environs\/","title":{"rendered":"Toerisme en omgeving"},"content":{"rendered":"<div data-elementor-type=\"wp-page\" data-elementor-id=\"224\" class=\"elementor elementor-224\" data-elementor-post-type=\"page\">\n\t\t\t\t\t\t\t\t\t<section class=\"elementor-section elementor-top-section elementor-element elementor-element-10260199 elementor-section-full_width elementor-section-height-min-height elementor-section-height-default elementor-section-items-middle\" data-id=\"10260199\" data-element_type=\"section\" id=\"top\" data-settings=\"{&quot;background_background&quot;:&quot;classic&quot;,&quot;background_motion_fx_motion_fx_scrolling&quot;:&quot;yes&quot;,&quot;background_motion_fx_translateY_effect&quot;:&quot;yes&quot;,&quot;background_motion_fx_translateY_speed&quot;:{&quot;unit&quot;:&quot;px&quot;,&quot;size&quot;:5.7,&quot;sizes&quot;:[]},&quot;background_motion_fx_translateY_affectedRange&quot;:{&quot;unit&quot;:&quot;%&quot;,&quot;size&quot;:&quot;&quot;,&quot;sizes&quot;:{&quot;start&quot;:45,&quot;end&quot;:100}},&quot;background_motion_fx_devices&quot;:[&quot;desktop&quot;,&quot;tablet&quot;,&quot;mobile&quot;]}\">\n\t\t\t\t\t\t\t<div class=\"elementor-background-overlay\"><\/div>\n\t\t\t\t\t\t\t<div class=\"elementor-container elementor-column-gap-default\">\n\t\t\t\t\t<div class=\"elementor-column elementor-col-100 elementor-top-column elementor-element elementor-element-3b5df748\" data-id=\"3b5df748\" data-element_type=\"column\">\n\t\t\t<div class=\"elementor-widget-wrap elementor-element-populated\">\n\t\t\t\t\t\t\t\t<div class=\"elementor-element elementor-element-3d1b3717 elementor-widget elementor-widget-heading\" data-id=\"3d1b3717\" data-element_type=\"widget\" data-widget_type=\"heading.default\">\n\t\t\t\t<div class=\"elementor-widget-container\">\n\t\t\t<h2 class=\"elementor-heading-title elementor-size-default\">Tourisme &amp; Environs<\/h2>\t\t<\/div>\n\t\t\t\t<\/div>\n\t\t\t\t\t<\/div>\n\t\t<\/div>\n\t\t\t\t\t\t\t<\/div>\n\t\t<\/section>\n\t\t\t\t<section class=\"elementor-section elementor-top-section elementor-element elementor-element-60b187a1 elementor-section-full_width elementor-section-height-default elementor-section-height-default\" data-id=\"60b187a1\" data-element_type=\"section\" data-settings=\"{&quot;background_background&quot;:&quot;classic&quot;,&quot;animation&quot;:&quot;none&quot;}\">\n\t\t\t\t\t\t<div class=\"elementor-container elementor-column-gap-default\">\n\t\t\t\t\t<div class=\"elementor-column elementor-col-100 elementor-top-column elementor-element elementor-element-11d1affa\" data-id=\"11d1affa\" data-element_type=\"column\">\n\t\t\t<div class=\"elementor-widget-wrap elementor-element-populated\">\n\t\t\t\t\t\t\t\t<div class=\"elementor-element elementor-element-43277468 elementor-invisible elementor-widget elementor-widget-heading\" data-id=\"43277468\" data-element_type=\"widget\" data-settings=\"{&quot;_animation&quot;:&quot;fadeInUp&quot;}\" data-widget_type=\"heading.default\">\n\t\t\t\t<div class=\"elementor-widget-container\">\n\t\t\t<h1 class=\"elementor-heading-title elementor-size-default\">Hoogstraten &amp; Environs<\/h1>\t\t<\/div>\n\t\t\t\t<\/div>\n\t\t\t\t<div class=\"elementor-element elementor-element-59c9a143 elementor-invisible elementor-widget elementor-widget-heading\" data-id=\"59c9a143\" data-element_type=\"widget\" data-settings=\"{&quot;_animation&quot;:&quot;fadeInUp&quot;,&quot;_animation_delay&quot;:200}\" data-widget_type=\"heading.default\">\n\t\t\t\t<div class=\"elementor-widget-container\">\n\t\t\t<h2 class=\"elementor-heading-title elementor-size-default\">Histoire<\/h2>\t\t<\/div>\n\t\t\t\t<\/div>\n\t\t\t\t<div class=\"elementor-element elementor-element-293b212c elementor-invisible elementor-widget elementor-widget-text-editor\" data-id=\"293b212c\" data-element_type=\"widget\" data-settings=\"{&quot;_animation&quot;:&quot;fadeIn&quot;,&quot;_animation_delay&quot;:400}\" data-widget_type=\"text-editor.default\">\n\t\t\t\t<div class=\"elementor-widget-container\">\n\t\t\t\t\t\t\t<p>Hoogstraten est situ\u00e9 dans \u2018de Noorderkempen\u2019 et \u00e9tait une ville commerciale tr\u00e8s importante et influente dans le 16\u00e8me si\u00e8cle. .<\/p><p>Vous pouvez d\u00e9couvrir la culture d\u2019Hoogstraten par visiter l\u2019\u00e9glise de Sint-Katharina, l\u2019un des plus hauts b\u00e2timents en briques du monde.<\/p><p>Assurez-vous de visiter \u2018het Begijnhof\u2019, un endroit magnifique qui est accessible gratuit. Le \u2018Begijnhof\u2019 est sur le Liste du patrimoine mondial depuis 1998<\/p>\t\t\t\t\t\t<\/div>\n\t\t\t\t<\/div>\n\t\t\t\t\t<\/div>\n\t\t<\/div>\n\t\t\t\t\t\t\t<\/div>\n\t\t<\/section>\n\t\t\t\t<section class=\"elementor-section elementor-top-section elementor-element elementor-element-d7c576d elementor-section-height-min-height elementor-section-items-stretch elementor-hidden-phone elementor-section-boxed elementor-section-height-default\" data-id=\"d7c576d\" data-element_type=\"section\" data-settings=\"{&quot;background_background&quot;:&quot;classic&quot;}\">\n\t\t\t\t\t\t<div class=\"elementor-container elementor-column-gap-no\">\n\t\t\t\t\t<div class=\"elementor-column elementor-col-100 elementor-top-column elementor-element elementor-element-d2233ff\" data-id=\"d2233ff\" data-element_type=\"column\">\n\t\t\t<div class=\"elementor-widget-wrap elementor-element-populated\">\n\t\t\t\t\t\t\t\t<section class=\"elementor-section elementor-inner-section elementor-element elementor-element-df83ebe elementor-section-height-min-height elementor-section-boxed elementor-section-height-default\" data-id=\"df83ebe\" data-element_type=\"section\">\n\t\t\t\t\t\t<div class=\"elementor-container elementor-column-gap-default\">\n\t\t\t\t\t<div class=\"elementor-column elementor-col-50 elementor-inner-column elementor-element elementor-element-12bac3c\" data-id=\"12bac3c\" data-element_type=\"column\">\n\t\t\t<div class=\"elementor-widget-wrap\">\n\t\t\t\t\t\t\t\t\t<\/div>\n\t\t<\/div>\n\t\t\t\t<div class=\"elementor-column elementor-col-50 elementor-inner-column elementor-element elementor-element-2c88dba\" data-id=\"2c88dba\" data-element_type=\"column\" data-settings=\"{&quot;background_background&quot;:&quot;classic&quot;}\">\n\t\t\t<div class=\"elementor-widget-wrap elementor-element-populated\">\n\t\t\t\t\t\t\t\t<div class=\"elementor-element elementor-element-a95a2a7 elementor-invisible elementor-widget elementor-widget-text-editor\" data-id=\"a95a2a7\" data-element_type=\"widget\" data-settings=\"{&quot;_animation&quot;:&quot;fadeIn&quot;}\" data-widget_type=\"text-editor.default\">\n\t\t\t\t<div class=\"elementor-widget-container\">\n\t\t\t\t\t\t\t<p>Notre logement est situ\u00e9 \u00e0 distance de marche du Vrijheid, le centre-ville d\u2019Hoogstraten.<\/p><p>Dans Le \u2018Vrijheid\u2019 vous trouvez de nombreux vestiges de l\u2019histoire culturelle dans les maisons et les b\u00e2timents.<\/p><p>C\u2019est aussi un endroit parfait pour boire quelque chose, manger dans un restaurant ou faire du shopping.<\/p><p>N\u2019oubliez pas de go\u00fbter notre d\u00e9licatesse : les fraises.<\/p>\t\t\t\t\t\t<\/div>\n\t\t\t\t<\/div>\n\t\t\t\t\t<\/div>\n\t\t<\/div>\n\t\t\t\t\t\t\t<\/div>\n\t\t<\/section>\n\t\t\t\t\t<\/div>\n\t\t<\/div>\n\t\t\t\t\t\t\t<\/div>\n\t\t<\/section>\n\t\t\t\t<section class=\"elementor-section elementor-top-section elementor-element elementor-element-add3cb2 elementor-section-height-min-height elementor-section-items-stretch elementor-hidden-desktop elementor-hidden-tablet elementor-section-boxed elementor-section-height-default\" data-id=\"add3cb2\" data-element_type=\"section\" data-settings=\"{&quot;background_background&quot;:&quot;classic&quot;}\">\n\t\t\t\t\t\t<div class=\"elementor-container elementor-column-gap-no\">\n\t\t\t\t\t<div class=\"elementor-column elementor-col-100 elementor-top-column elementor-element elementor-element-0479d38\" data-id=\"0479d38\" data-element_type=\"column\">\n\t\t\t<div class=\"elementor-widget-wrap elementor-element-populated\">\n\t\t\t\t\t\t\t\t<section class=\"elementor-section elementor-inner-section elementor-element elementor-element-3cef272 elementor-section-height-min-height elementor-section-boxed elementor-section-height-default\" data-id=\"3cef272\" data-element_type=\"section\">\n\t\t\t\t\t\t<div class=\"elementor-container elementor-column-gap-default\">\n\t\t\t\t\t<div class=\"elementor-column elementor-col-50 elementor-inner-column elementor-element elementor-element-4433f2f\" data-id=\"4433f2f\" data-element_type=\"column\" data-settings=\"{&quot;background_background&quot;:&quot;classic&quot;}\">\n\t\t\t<div class=\"elementor-widget-wrap elementor-element-populated\">\n\t\t\t\t\t\t\t\t<div class=\"elementor-element elementor-element-6426191 elementor-widget elementor-widget-spacer\" data-id=\"6426191\" data-element_type=\"widget\" data-widget_type=\"spacer.default\">\n\t\t\t\t<div class=\"elementor-widget-container\">\n\t\t\t\t\t<div class=\"elementor-spacer\">\n\t\t\t<div class=\"elementor-spacer-inner\"><\/div>\n\t\t<\/div>\n\t\t\t\t<\/div>\n\t\t\t\t<\/div>\n\t\t\t\t\t<\/div>\n\t\t<\/div>\n\t\t\t\t<div class=\"elementor-column elementor-col-50 elementor-inner-column elementor-element elementor-element-b24e4d9\" data-id=\"b24e4d9\" data-element_type=\"column\" data-settings=\"{&quot;background_background&quot;:&quot;classic&quot;}\">\n\t\t\t<div class=\"elementor-widget-wrap elementor-element-populated\">\n\t\t\t\t\t\t\t\t<div class=\"elementor-element elementor-element-c6ec2c6 elementor-widget elementor-widget-text-editor\" data-id=\"c6ec2c6\" data-element_type=\"widget\" data-widget_type=\"text-editor.default\">\n\t\t\t\t<div class=\"elementor-widget-container\">\n\t\t\t\t\t\t\t<p>Notre logement est situ\u00e9 \u00e0 distance de marche du Vrijheid, le centre-ville d\u2019Hoogstraten.<\/p><p>Dans Le \u2018Vrijheid\u2019 vous trouvez de nombreux vestiges de l\u2019histoire culturelle dans les maisons et les b\u00e2timents.<\/p><p>C\u2019est aussi un endroit parfait pour boire quelque chose, manger dans un restaurant ou faire du shopping.<\/p><p>N\u2019oubliez pas de go\u00fbter notre d\u00e9licatesse : les fraises.<\/p>\t\t\t\t\t\t<\/div>\n\t\t\t\t<\/div>\n\t\t\t\t<div class=\"elementor-element elementor-element-ab22a3a elementor-widget-divider--view-line elementor-widget elementor-widget-divider\" data-id=\"ab22a3a\" data-element_type=\"widget\" data-widget_type=\"divider.default\">\n\t\t\t\t<div class=\"elementor-widget-container\">\n\t\t\t\t\t<div class=\"elementor-divider\">\n\t\t\t<span class=\"elementor-divider-separator\">\n\t\t\t\t\t\t<\/span>\n\t\t<\/div>\n\t\t\t\t<\/div>\n\t\t\t\t<\/div>\n\t\t\t\t\t<\/div>\n\t\t<\/div>\n\t\t\t\t\t\t\t<\/div>\n\t\t<\/section>\n\t\t\t\t\t<\/div>\n\t\t<\/div>\n\t\t\t\t\t\t\t<\/div>\n\t\t<\/section>\n\t\t\t\t<section class=\"elementor-section elementor-top-section elementor-element elementor-element-6f2ebe9 elementor-section-full_width elementor-section-height-default elementor-section-height-default\" data-id=\"6f2ebe9\" data-element_type=\"section\" data-settings=\"{&quot;background_background&quot;:&quot;classic&quot;,&quot;animation&quot;:&quot;none&quot;}\">\n\t\t\t\t\t\t<div class=\"elementor-container elementor-column-gap-default\">\n\t\t\t\t\t<div class=\"elementor-column elementor-col-100 elementor-top-column elementor-element elementor-element-59e9713\" data-id=\"59e9713\" data-element_type=\"column\">\n\t\t\t<div class=\"elementor-widget-wrap elementor-element-populated\">\n\t\t\t\t\t\t\t\t<div class=\"elementor-element elementor-element-f396876 elementor-invisible elementor-widget elementor-widget-heading\" data-id=\"f396876\" data-element_type=\"widget\" data-settings=\"{&quot;_animation&quot;:&quot;fadeInUp&quot;}\" data-widget_type=\"heading.default\">\n\t\t\t\t<div class=\"elementor-widget-container\">\n\t\t\t<h3 class=\"elementor-heading-title elementor-size-default\">Faire du v\u00e9lo, se promener, ...<\/h3>\t\t<\/div>\n\t\t\t\t<\/div>\n\t\t\t\t<div class=\"elementor-element elementor-element-9bed06a elementor-invisible elementor-widget elementor-widget-heading\" data-id=\"9bed06a\" data-element_type=\"widget\" data-settings=\"{&quot;_animation&quot;:&quot;fadeInUp&quot;}\" data-widget_type=\"heading.default\">\n\t\t\t\t<div class=\"elementor-widget-container\">\n\t\t\t<h2 class=\"elementor-heading-title elementor-size-default\">Environs<\/h2>\t\t<\/div>\n\t\t\t\t<\/div>\n\t\t\t\t<div class=\"elementor-element elementor-element-8c19650 elementor-invisible elementor-widget elementor-widget-text-editor\" data-id=\"8c19650\" data-element_type=\"widget\" data-settings=\"{&quot;_animation&quot;:&quot;fadeIn&quot;,&quot;_animation_delay&quot;:100}\" data-widget_type=\"text-editor.default\">\n\t\t\t\t<div class=\"elementor-widget-container\">\n\t\t\t\t\t\t\t<p>Pour les cyclistes et pi\u00e9tons, Hoogstraten est le point de d\u00e9part id\u00e9al.<\/p><p>Pour les gens qui veulent faire du v\u00e9lo, il y a beaucoup de routes \u00e0 th\u00e8me : la route des fraises (40km), la route des clochards (57km) ou la route enclave (50km). Tous les routes ont aussi une version courte.<\/p><p>Les pi\u00e9tons peuvent participer dans une route de 15 kilom\u00e8tres \u00e0 travers du Kempen.<\/p><p>Vous trouvez plus d\u2019information sur le site \u2018Toerimse Hoogstraten\u2019.<\/p>\t\t\t\t\t\t<\/div>\n\t\t\t\t<\/div>\n\t\t\t\t\t<\/div>\n\t\t<\/div>\n\t\t\t\t\t\t\t<\/div>\n\t\t<\/section>\n\t\t\t\t<section class=\"elementor-section elementor-top-section elementor-element elementor-element-6287086 elementor-section-height-min-height elementor-section-items-stretch elementor-hidden-phone elementor-section-boxed elementor-section-height-default\" data-id=\"6287086\" data-element_type=\"section\" data-settings=\"{&quot;background_background&quot;:&quot;classic&quot;}\">\n\t\t\t\t\t\t<div class=\"elementor-container elementor-column-gap-no\">\n\t\t\t\t\t<div class=\"elementor-column elementor-col-100 elementor-top-column elementor-element elementor-element-4becf58\" data-id=\"4becf58\" data-element_type=\"column\">\n\t\t\t<div class=\"elementor-widget-wrap elementor-element-populated\">\n\t\t\t\t\t\t\t\t<section class=\"elementor-section elementor-inner-section elementor-element elementor-element-8f68cb4 elementor-section-height-min-height elementor-section-boxed elementor-section-height-default\" data-id=\"8f68cb4\" data-element_type=\"section\">\n\t\t\t\t\t\t<div class=\"elementor-container elementor-column-gap-default\">\n\t\t\t\t\t<div class=\"elementor-column elementor-col-50 elementor-inner-column elementor-element elementor-element-550bd12\" data-id=\"550bd12\" data-element_type=\"column\" data-settings=\"{&quot;background_background&quot;:&quot;classic&quot;}\">\n\t\t\t<div class=\"elementor-widget-wrap elementor-element-populated\">\n\t\t\t\t\t\t\t\t<div class=\"elementor-element elementor-element-c1e907b elementor-invisible elementor-widget elementor-widget-text-editor\" data-id=\"c1e907b\" data-element_type=\"widget\" data-settings=\"{&quot;_animation&quot;:&quot;fadeIn&quot;}\" data-widget_type=\"text-editor.default\">\n\t\t\t\t<div class=\"elementor-widget-container\">\n\t\t\t\t\t\t\t<p>Autres activit\u00e9s \u00e0 proximit\u00e9 sont :<\/p><p>Bobbejaanland (parc d\u2019attractions)<\/p><p>Efteling (parc d\u2019attractions)<\/p><p>Beekse Bergen (safari parc)<\/p><p>Lilse Bergen (recreation)<\/p><p>Tongelreep (recreation)<\/p><p>Mosten (recreation)<\/p>\t\t\t\t\t\t<\/div>\n\t\t\t\t<\/div>\n\t\t\t\t\t<\/div>\n\t\t<\/div>\n\t\t\t\t<div class=\"elementor-column elementor-col-50 elementor-inner-column elementor-element elementor-element-49c8151\" data-id=\"49c8151\" data-element_type=\"column\">\n\t\t\t<div class=\"elementor-widget-wrap\">\n\t\t\t\t\t\t\t\t\t<\/div>\n\t\t<\/div>\n\t\t\t\t\t\t\t<\/div>\n\t\t<\/section>\n\t\t\t\t\t<\/div>\n\t\t<\/div>\n\t\t\t\t\t\t\t<\/div>\n\t\t<\/section>\n\t\t\t\t<section class=\"elementor-section elementor-top-section elementor-element elementor-element-a0a8faf elementor-section-height-min-height elementor-section-items-stretch elementor-hidden-desktop elementor-hidden-tablet elementor-section-boxed elementor-section-height-default\" data-id=\"a0a8faf\" data-element_type=\"section\" data-settings=\"{&quot;background_background&quot;:&quot;classic&quot;}\">\n\t\t\t\t\t\t<div class=\"elementor-container elementor-column-gap-no\">\n\t\t\t\t\t<div class=\"elementor-column elementor-col-100 elementor-top-column elementor-element elementor-element-bf5fbda\" data-id=\"bf5fbda\" data-element_type=\"column\">\n\t\t\t<div class=\"elementor-widget-wrap elementor-element-populated\">\n\t\t\t\t\t\t\t\t<section class=\"elementor-section elementor-inner-section elementor-element elementor-element-9f1df10 elementor-section-height-min-height elementor-section-boxed elementor-section-height-default\" data-id=\"9f1df10\" data-element_type=\"section\">\n\t\t\t\t\t\t<div class=\"elementor-container elementor-column-gap-default\">\n\t\t\t\t\t<div class=\"elementor-column elementor-col-50 elementor-inner-column elementor-element elementor-element-1cddba7\" data-id=\"1cddba7\" data-element_type=\"column\" data-settings=\"{&quot;background_background&quot;:&quot;classic&quot;}\">\n\t\t\t<div class=\"elementor-widget-wrap elementor-element-populated\">\n\t\t\t\t\t\t\t\t<div class=\"elementor-element elementor-element-3f3a057 elementor-widget elementor-widget-spacer\" data-id=\"3f3a057\" data-element_type=\"widget\" data-widget_type=\"spacer.default\">\n\t\t\t\t<div class=\"elementor-widget-container\">\n\t\t\t\t\t<div class=\"elementor-spacer\">\n\t\t\t<div class=\"elementor-spacer-inner\"><\/div>\n\t\t<\/div>\n\t\t\t\t<\/div>\n\t\t\t\t<\/div>\n\t\t\t\t\t<\/div>\n\t\t<\/div>\n\t\t\t\t<div class=\"elementor-column elementor-col-50 elementor-inner-column elementor-element elementor-element-0cd0785\" data-id=\"0cd0785\" data-element_type=\"column\" data-settings=\"{&quot;background_background&quot;:&quot;classic&quot;}\">\n\t\t\t<div class=\"elementor-widget-wrap elementor-element-populated\">\n\t\t\t\t\t\t\t\t<div class=\"elementor-element elementor-element-4f3246f elementor-widget elementor-widget-text-editor\" data-id=\"4f3246f\" data-element_type=\"widget\" data-widget_type=\"text-editor.default\">\n\t\t\t\t<div class=\"elementor-widget-container\">\n\t\t\t\t\t\t\t<p>Notre logement est situ\u00e9 \u00e0 distance de marche du Vrijheid, le centre-ville d\u2019Hoogstraten.<\/p><p>Dans Le \u2018Vrijheid\u2019 vous trouvez de nombreux vestiges de l\u2019histoire culturelle dans les maisons et les b\u00e2timents.<\/p><p>C\u2019est aussi un endroit parfait pour boire quelque chose, manger dans un restaurant ou faire du shopping.<\/p><p>N\u2019oubliez pas de go\u00fbter notre d\u00e9licatesse : les fraises.<\/p>\t\t\t\t\t\t<\/div>\n\t\t\t\t<\/div>\n\t\t\t\t\t<\/div>\n\t\t<\/div>\n\t\t\t\t\t\t\t<\/div>\n\t\t<\/section>\n\t\t\t\t\t<\/div>\n\t\t<\/div>\n\t\t\t\t\t\t\t<\/div>\n\t\t<\/section>\n\t\t\t\t\t\t\t<\/div>","protected":false},"excerpt":{"rendered":"<p>toerisme &#038; omgeving Hoogstraten &#038; omgeving geschiedenis Hoogstraten is gelegen in de Noorderkempen en was in de 16e eeuw een belangrijke en invloedrijke handelsstad. Cultuur opsnuiven kan je in Hoogstraten onder meer door de Sint-Katharinakerk te bezoeken, \u00e9\u00e9n van de hoogste bakstenen gebouwen ter wereld. Bezoek zeker ook eens het Begijnhof, dat vrij toegankelijk is [&hellip;]<\/p>","protected":false},"author":1,"featured_media":0,"parent":0,"menu_order":0,"comment_status":"closed","ping_status":"closed","template":"","meta":{"_seopress_robots_primary_cat":"","_seopress_titles_title":"Activiteiten en omgeving van B&amp;B Fragaria | Hoogstraten ","_seopress_titles_desc":"Ons logement in de Kempen is gelegen op wandelafstand van de Vrijheid.\r\nHet centrum van Hoogstraten, het stadje met smaak, de stad van de aardbei en B&amp;B Fragaria","_seopress_robots_index":"","footnotes":""},"_links":{"self":[{"href":"https:\/\/www.fragaria.be\/fr\/wp-json\/wp\/v2\/pages\/224"}],"collection":[{"href":"https:\/\/www.fragaria.be\/fr\/wp-json\/wp\/v2\/pages"}],"about":[{"href":"https:\/\/www.fragaria.be\/fr\/wp-json\/wp\/v2\/types\/page"}],"author":[{"embeddable":true,"href":"https:\/\/www.fragaria.be\/fr\/wp-json\/wp\/v2\/users\/1"}],"replies":[{"embeddable":true,"href":"https:\/\/www.fragaria.be\/fr\/wp-json\/wp\/v2\/comments?post=224"}],"version-history":[{"count":24,"href":"https:\/\/www.fragaria.be\/fr\/wp-json\/wp\/v2\/pages\/224\/revisions"}],"predecessor-version":[{"id":711,"href":"https:\/\/www.fragaria.be\/fr\/wp-json\/wp\/v2\/pages\/224\/revisions\/711"}],"wp:attachment":[{"href":"https:\/\/www.fragaria.be\/fr\/wp-json\/wp\/v2\/media?parent=224"}],"curies":[{"name":"wp","href":"https:\/\/api.w.org\/{rel}","templated":true}]}}